{"id":514,"date":"2021-08-10T18:36:03","date_gmt":"2021-08-10T16:36:03","guid":{"rendered":"https:\/\/vertigo-shop.com\/pl\/?post_type=product&#038;p=514"},"modified":"2023-09-01T14:11:55","modified_gmt":"2023-09-01T12:11:55","slug":"vertigo-classic-amsterdam","status":"publish","type":"product","link":"https:\/\/vertigo-shop.com\/pl\/product\/vertigo-classic-amsterdam\/","title":{"rendered":"Vertigo Classic &#8211; Amsterdam"},"content":{"rendered":"","protected":false},"excerpt":{"rendered":"<p>Ten model czarnych leggins\u00f3w zachwyca kobiec\u0105 populacj\u0119 ze wzgl\u0119du na wzornictwo bocznych pask\u00f3w w czarno-bia\u0142e wzory, kt\u00f3re optycznie wyszczuplaj\u0105 nogi szczuplejsze. Posiadaj\u0105 szeroki pas, kt\u00f3ry zapewnia wsparcie dla brzucha i bioder. S\u0105 charakterystycznie wygodne, przewiewne i elastyczne, nadaj\u0105 si\u0119 dla kobiet w ci\u0105\u017cy. Bardzo dobrze nadaj\u0105 si\u0119 dla kobiet w ci\u0105\u017cy. Ze wzgl\u0119du na dominuj\u0105cy czarny kolor, model ten model ten mo\u017cna \u0142atwo \u0142\u0105czy\u0107 z dowolnymi zestawami ubra\u0144.<\/p>\n","protected":false},"featured_media":768,"comment_status":"open","ping_status":"closed","template":"","meta":{"inline_featured_image":false},"product_cat":[15],"product_tag":[],"acf":[],"_links":{"self":[{"href":"https:\/\/vertigo-shop.com\/pl\/wp-json\/wp\/v2\/product\/514"}],"collection":[{"href":"https:\/\/vertigo-shop.com\/pl\/wp-json\/wp\/v2\/product"}],"about":[{"href":"https:\/\/vertigo-shop.com\/pl\/wp-json\/wp\/v2\/types\/product"}],"replies":[{"embeddable":true,"href":"https:\/\/vertigo-shop.com\/pl\/wp-json\/wp\/v2\/comments?post=514"}],"wp:featuredmedia":[{"embeddable":true,"href":"https:\/\/vertigo-shop.com\/pl\/wp-json\/wp\/v2\/media\/768"}],"wp:attachment":[{"href":"https:\/\/vertigo-shop.com\/pl\/wp-json\/wp\/v2\/media?parent=514"}],"wp:term":[{"taxonomy":"product_cat","embeddable":true,"href":"https:\/\/vertigo-shop.com\/pl\/wp-json\/wp\/v2\/product_cat?post=514"},{"taxonomy":"product_tag","embeddable":true,"href":"https:\/\/vertigo-shop.com\/pl\/wp-json\/wp\/v2\/product_tag?post=514"}],"curies":[{"name":"wp","href":"https:\/\/api.w.org\/{rel}","templated":true}]}}