{"id":509,"date":"2021-08-10T18:28:19","date_gmt":"2021-08-10T16:28:19","guid":{"rendered":"https:\/\/vertigo-shop.com\/pl\/?post_type=product&#038;p=509"},"modified":"2023-09-01T14:12:37","modified_gmt":"2023-09-01T12:12:37","slug":"vertigo-classic-athens","status":"publish","type":"product","link":"https:\/\/vertigo-shop.com\/pl\/product\/vertigo-classic-athens\/","title":{"rendered":"Vertigo Classic &#8211; Athens"},"content":{"rendered":"","protected":false},"excerpt":{"rendered":"<p>&#8222;Atena&#8221; to super wygodny i elastyczny model leggins\u00f3w o ciekawym wzorze w kolorze czerwonym. Ciekawym wzorem w kolorze czerwonym, szerokim pasem podtrzymuj\u0105cym brzuch i biodra, odpowiedni dla kobiet w ci\u0105\u017cy, posiada boczny wz\u00f3r na nogawkach, kt\u00f3ry optycznie wyszczupla nogi.<\/p>\n","protected":false},"featured_media":676,"comment_status":"open","ping_status":"closed","template":"","meta":{"inline_featured_image":false},"product_cat":[15],"product_tag":[],"acf":[],"_links":{"self":[{"href":"https:\/\/vertigo-shop.com\/pl\/wp-json\/wp\/v2\/product\/509"}],"collection":[{"href":"https:\/\/vertigo-shop.com\/pl\/wp-json\/wp\/v2\/product"}],"about":[{"href":"https:\/\/vertigo-shop.com\/pl\/wp-json\/wp\/v2\/types\/product"}],"replies":[{"embeddable":true,"href":"https:\/\/vertigo-shop.com\/pl\/wp-json\/wp\/v2\/comments?post=509"}],"wp:featuredmedia":[{"embeddable":true,"href":"https:\/\/vertigo-shop.com\/pl\/wp-json\/wp\/v2\/media\/676"}],"wp:attachment":[{"href":"https:\/\/vertigo-shop.com\/pl\/wp-json\/wp\/v2\/media?parent=509"}],"wp:term":[{"taxonomy":"product_cat","embeddable":true,"href":"https:\/\/vertigo-shop.com\/pl\/wp-json\/wp\/v2\/product_cat?post=509"},{"taxonomy":"product_tag","embeddable":true,"href":"https:\/\/vertigo-shop.com\/pl\/wp-json\/wp\/v2\/product_tag?post=509"}],"curies":[{"name":"wp","href":"https:\/\/api.w.org\/{rel}","templated":true}]}}