{"id":504,"date":"2021-08-10T18:22:00","date_gmt":"2021-08-10T16:22:00","guid":{"rendered":"https:\/\/vertigo-shop.com\/pl\/?post_type=product&#038;p=504"},"modified":"2023-09-01T14:13:16","modified_gmt":"2023-09-01T12:13:16","slug":"vertigo-classic-madrid","status":"publish","type":"product","link":"https:\/\/vertigo-shop.com\/pl\/product\/vertigo-classic-madrid\/","title":{"rendered":"Vertigo Classic &#8211; Madrid"},"content":{"rendered":"","protected":false},"excerpt":{"rendered":"<p>Model, kt\u00f3ry wyr\u00f3\u017cnia si\u0119 specjaln\u0105 spiraln\u0105 konstrukcj\u0105, kt\u00f3ra optycznie wyd\u0142u\u017ca nogi, jest bestsellerem, kt\u00f3ry kobiety po prostu uwielbiaj\u0105 nogi, to bestsellerowy model, kt\u00f3ry kobiety po prostu uwielbiaj\u0105. Maj\u0105 one szeroki pas kt\u00f3ry zapewnia wsparcie dla brzucha i bioder, s\u0105 odpowiednie dla kobiet w ci\u0105\u017cy. Kobiet w ci\u0105\u017cy i s\u0105 charakterystycznie mi\u0119kkie i elastyczne, tak jak wszystkie modele leggins\u00f3w Vertigo.<\/p>\n","protected":false},"featured_media":684,"comment_status":"open","ping_status":"closed","template":"","meta":{"inline_featured_image":false},"product_cat":[15],"product_tag":[],"acf":[],"_links":{"self":[{"href":"https:\/\/vertigo-shop.com\/pl\/wp-json\/wp\/v2\/product\/504"}],"collection":[{"href":"https:\/\/vertigo-shop.com\/pl\/wp-json\/wp\/v2\/product"}],"about":[{"href":"https:\/\/vertigo-shop.com\/pl\/wp-json\/wp\/v2\/types\/product"}],"replies":[{"embeddable":true,"href":"https:\/\/vertigo-shop.com\/pl\/wp-json\/wp\/v2\/comments?post=504"}],"wp:featuredmedia":[{"embeddable":true,"href":"https:\/\/vertigo-shop.com\/pl\/wp-json\/wp\/v2\/media\/684"}],"wp:attachment":[{"href":"https:\/\/vertigo-shop.com\/pl\/wp-json\/wp\/v2\/media?parent=504"}],"wp:term":[{"taxonomy":"product_cat","embeddable":true,"href":"https:\/\/vertigo-shop.com\/pl\/wp-json\/wp\/v2\/product_cat?post=504"},{"taxonomy":"product_tag","embeddable":true,"href":"https:\/\/vertigo-shop.com\/pl\/wp-json\/wp\/v2\/product_tag?post=504"}],"curies":[{"name":"wp","href":"https:\/\/api.w.org\/{rel}","templated":true}]}}