{"id":499,"date":"2021-08-10T18:11:36","date_gmt":"2021-08-10T16:11:36","guid":{"rendered":"https:\/\/vertigo-shop.com\/pl\/?post_type=product&#038;p=499"},"modified":"2023-09-01T14:13:53","modified_gmt":"2023-09-01T12:13:53","slug":"vertigo-classic-london","status":"publish","type":"product","link":"https:\/\/vertigo-shop.com\/pl\/product\/vertigo-classic-london\/","title":{"rendered":"Vertigo Classic &#8211; London"},"content":{"rendered":"","protected":false},"excerpt":{"rendered":"<p>Super elastyczne legginsy, o prostym kroju z szerokim pasem w kolorze bia\u0142ym, kt\u00f3ry zapewnia wsparcie dla brzucha i bioder. Nadaj\u0105 si\u0119 dla kobiet w ci\u0105\u017cy. Wyr\u00f3\u017cniaj\u0105 si\u0119 specjalnym czarno-bia\u0142ym nadrukiem, kt\u00f3ry odwraca uwag\u0119 od ewentualnych niedoskona\u0142o\u015bci na ciele, a tym samym wizualnie \u0142agodzi od ewentualnych niedoskona\u0142o\u015bci na ciele, a tym samym wizualnie \u0142agodzi nogi.<br \/>\nZ \u0142atwo\u015bci\u0105 pasuj\u0105 do wi\u0119kszo\u015bci kombinacji odzie\u017cowych.<\/p>\n","protected":false},"featured_media":692,"comment_status":"open","ping_status":"closed","template":"","meta":{"inline_featured_image":false},"product_cat":[15],"product_tag":[],"acf":[],"_links":{"self":[{"href":"https:\/\/vertigo-shop.com\/pl\/wp-json\/wp\/v2\/product\/499"}],"collection":[{"href":"https:\/\/vertigo-shop.com\/pl\/wp-json\/wp\/v2\/product"}],"about":[{"href":"https:\/\/vertigo-shop.com\/pl\/wp-json\/wp\/v2\/types\/product"}],"replies":[{"embeddable":true,"href":"https:\/\/vertigo-shop.com\/pl\/wp-json\/wp\/v2\/comments?post=499"}],"wp:featuredmedia":[{"embeddable":true,"href":"https:\/\/vertigo-shop.com\/pl\/wp-json\/wp\/v2\/media\/692"}],"wp:attachment":[{"href":"https:\/\/vertigo-shop.com\/pl\/wp-json\/wp\/v2\/media?parent=499"}],"wp:term":[{"taxonomy":"product_cat","embeddable":true,"href":"https:\/\/vertigo-shop.com\/pl\/wp-json\/wp\/v2\/product_cat?post=499"},{"taxonomy":"product_tag","embeddable":true,"href":"https:\/\/vertigo-shop.com\/pl\/wp-json\/wp\/v2\/product_tag?post=499"}],"curies":[{"name":"wp","href":"https:\/\/api.w.org\/{rel}","templated":true}]}}