{"id":494,"date":"2021-08-10T18:05:25","date_gmt":"2021-08-10T16:05:25","guid":{"rendered":"https:\/\/vertigo-shop.com\/pl\/?post_type=product&#038;p=494"},"modified":"2023-09-01T14:14:33","modified_gmt":"2023-09-01T12:14:33","slug":"vertigo-classic-moscow","status":"publish","type":"product","link":"https:\/\/vertigo-shop.com\/pl\/product\/vertigo-classic-moscow\/","title":{"rendered":"Vertigo Classic &#8211; Moscow"},"content":{"rendered":"","protected":false},"excerpt":{"rendered":"<p>Ca\u0142kowicie klasyczny model leggins\u00f3w w kolorze czarnym, o super elastycznych w\u0142a\u015bciwo\u015bciach, z pewno\u015bci\u0105 b\u0119dzie pasowa\u0142 ka\u017cdej pani, nawet ci\u0119\u017carnej, a co najwa\u017cniejsze, b\u0119dzie mo\u017cna je nosi\u0107 na ka\u017cd\u0105 okazj\u0119, poniewa\u017c mo\u017cliwo\u015bci ubioru s\u0105 bardzo szerokie. B\u0119dziesz mog\u0142a je za\u0142o\u017cy\u0107 na ka\u017cd\u0105 okazj\u0119, poniewa\u017c mo\u017cliwo\u015bci ubraniowych kombinacji z tym modelem s\u0105 naprawd\u0119 nieograniczone.<\/p>\n","protected":false},"featured_media":748,"comment_status":"open","ping_status":"closed","template":"","meta":{"inline_featured_image":false},"product_cat":[15],"product_tag":[],"acf":[],"_links":{"self":[{"href":"https:\/\/vertigo-shop.com\/pl\/wp-json\/wp\/v2\/product\/494"}],"collection":[{"href":"https:\/\/vertigo-shop.com\/pl\/wp-json\/wp\/v2\/product"}],"about":[{"href":"https:\/\/vertigo-shop.com\/pl\/wp-json\/wp\/v2\/types\/product"}],"replies":[{"embeddable":true,"href":"https:\/\/vertigo-shop.com\/pl\/wp-json\/wp\/v2\/comments?post=494"}],"wp:featuredmedia":[{"embeddable":true,"href":"https:\/\/vertigo-shop.com\/pl\/wp-json\/wp\/v2\/media\/748"}],"wp:attachment":[{"href":"https:\/\/vertigo-shop.com\/pl\/wp-json\/wp\/v2\/media?parent=494"}],"wp:term":[{"taxonomy":"product_cat","embeddable":true,"href":"https:\/\/vertigo-shop.com\/pl\/wp-json\/wp\/v2\/product_cat?post=494"},{"taxonomy":"product_tag","embeddable":true,"href":"https:\/\/vertigo-shop.com\/pl\/wp-json\/wp\/v2\/product_tag?post=494"}],"curies":[{"name":"wp","href":"https:\/\/api.w.org\/{rel}","templated":true}]}}