{"id":489,"date":"2021-08-10T17:49:11","date_gmt":"2021-08-10T15:49:11","guid":{"rendered":"https:\/\/vertigo-shop.com\/pl\/?post_type=product&#038;p=489"},"modified":"2023-09-01T14:15:12","modified_gmt":"2023-09-01T12:15:12","slug":"vertigo-classic-prague","status":"publish","type":"product","link":"https:\/\/vertigo-shop.com\/pl\/product\/vertigo-classic-prague\/","title":{"rendered":"Vertigo Classic &#8211; Prague"},"content":{"rendered":"","protected":false},"excerpt":{"rendered":"<p>Ca\u0142kowicie klasyczny model leggins\u00f3w o prostym kroju z szerokim pasem, kt\u00f3ry zapewniaj\u0105cym wsparcie dla brzucha i bioder, dzi\u0119ki czemu jest odpowiedni r\u00f3wnie\u017c dla kobiet w ci\u0105\u017cy.<br \/>\nWstonowanych odcieniach i z ciekawymi aplikacjami, kt\u00f3re odwracaj\u0105 uwag\u0119 od ewentualnych niedoskona\u0142o\u015bci na ciele, a tym samym optycznie wyszczuplaj\u0105 nogi, ewentualnych niedoskona\u0142o\u015bci na Twoim ciele, a tym samym optycznie wyszczuplaj\u0105 nogi. Bardzo \u0142atwo dopasowa\u0107 je do wszystkich ubra\u0144 dzi\u0119ki szarym odcieniom.<\/p>\n","protected":false},"featured_media":708,"comment_status":"open","ping_status":"closed","template":"","meta":{"inline_featured_image":false},"product_cat":[15],"product_tag":[],"acf":[],"_links":{"self":[{"href":"https:\/\/vertigo-shop.com\/pl\/wp-json\/wp\/v2\/product\/489"}],"collection":[{"href":"https:\/\/vertigo-shop.com\/pl\/wp-json\/wp\/v2\/product"}],"about":[{"href":"https:\/\/vertigo-shop.com\/pl\/wp-json\/wp\/v2\/types\/product"}],"replies":[{"embeddable":true,"href":"https:\/\/vertigo-shop.com\/pl\/wp-json\/wp\/v2\/comments?post=489"}],"wp:featuredmedia":[{"embeddable":true,"href":"https:\/\/vertigo-shop.com\/pl\/wp-json\/wp\/v2\/media\/708"}],"wp:attachment":[{"href":"https:\/\/vertigo-shop.com\/pl\/wp-json\/wp\/v2\/media?parent=489"}],"wp:term":[{"taxonomy":"product_cat","embeddable":true,"href":"https:\/\/vertigo-shop.com\/pl\/wp-json\/wp\/v2\/product_cat?post=489"},{"taxonomy":"product_tag","embeddable":true,"href":"https:\/\/vertigo-shop.com\/pl\/wp-json\/wp\/v2\/product_tag?post=489"}],"curies":[{"name":"wp","href":"https:\/\/api.w.org\/{rel}","templated":true}]}}