{"id":482,"date":"2021-08-10T17:35:44","date_gmt":"2021-08-10T15:35:44","guid":{"rendered":"https:\/\/vertigo-shop.com\/pl\/?post_type=product&#038;p=482"},"modified":"2023-09-01T14:15:54","modified_gmt":"2023-09-01T12:15:54","slug":"vertigo-classic-paris","status":"publish","type":"product","link":"https:\/\/vertigo-shop.com\/pl\/product\/vertigo-classic-paris\/","title":{"rendered":"Vertigo Classic &#8211; Paris"},"content":{"rendered":"","protected":false},"excerpt":{"rendered":"<p>Oferujemy r\u00f3wnie\u017c ten wspania\u0142y model super rozci\u0105gliwych leggins\u00f3w z szerokim pasem, kt\u00f3ry zapewnia wsparcie dla brzucha i bioder, zapewniaj\u0105cym wsparcie dla brzucha i bioder, wi\u0119c s\u0105 one bardzo odpowiednie dla kobiet w ci\u0105\u017cy, w \u0142adnym kolorowym wzorze, w kt\u00f3rym dominuj\u0105 odcienie \u017c\u00f3\u0142ci. Szczeg\u00f3lny nacisk po\u0142o\u017cy\u0142yby\u015bmy na kolorowe paski z boku ka\u017cdej nogawki, naszyte tak, by optycznie wyszczupli\u0107 nogi.<\/p>\n","protected":false},"featured_media":717,"comment_status":"open","ping_status":"closed","template":"","meta":{"inline_featured_image":false},"product_cat":[15],"product_tag":[],"acf":[],"_links":{"self":[{"href":"https:\/\/vertigo-shop.com\/pl\/wp-json\/wp\/v2\/product\/482"}],"collection":[{"href":"https:\/\/vertigo-shop.com\/pl\/wp-json\/wp\/v2\/product"}],"about":[{"href":"https:\/\/vertigo-shop.com\/pl\/wp-json\/wp\/v2\/types\/product"}],"replies":[{"embeddable":true,"href":"https:\/\/vertigo-shop.com\/pl\/wp-json\/wp\/v2\/comments?post=482"}],"wp:featuredmedia":[{"embeddable":true,"href":"https:\/\/vertigo-shop.com\/pl\/wp-json\/wp\/v2\/media\/717"}],"wp:attachment":[{"href":"https:\/\/vertigo-shop.com\/pl\/wp-json\/wp\/v2\/media?parent=482"}],"wp:term":[{"taxonomy":"product_cat","embeddable":true,"href":"https:\/\/vertigo-shop.com\/pl\/wp-json\/wp\/v2\/product_cat?post=482"},{"taxonomy":"product_tag","embeddable":true,"href":"https:\/\/vertigo-shop.com\/pl\/wp-json\/wp\/v2\/product_tag?post=482"}],"curies":[{"name":"wp","href":"https:\/\/api.w.org\/{rel}","templated":true}]}}