{"id":478,"date":"2021-08-10T17:32:34","date_gmt":"2021-08-10T15:32:34","guid":{"rendered":"https:\/\/vertigo-shop.com\/pl\/?post_type=product&#038;p=478"},"modified":"2023-09-01T14:16:35","modified_gmt":"2023-09-01T12:16:35","slug":"vertigo-classic-roma","status":"publish","type":"product","link":"https:\/\/vertigo-shop.com\/pl\/product\/vertigo-classic-roma\/","title":{"rendered":"Vertigo Classic &#8211; Roma"},"content":{"rendered":"","protected":false},"excerpt":{"rendered":"<p><span style=\"font-weight: 400\"> Ciekawe wzory w odcieniach radosnego fioletu nadadz\u0105 Twojej stylizacji miejskiej nuty, a Ty idealnie po\u0142\u0105czysz je z ka\u017cdym rodzajem garderoby, z ka\u017cdym rodzajem garderoby. Kolorowe legginsy pomog\u0105 Ci poczu\u0107 si\u0119 lepiej w drodze do idealnej linii, do idealnej linii. Ze wzgl\u0119du na mi\u0119kko\u015b\u0107 i rozci\u0105gliwo\u015b\u0107 materia\u0142u, s\u0105 one bardzo odpowiednie dla kobiet w ci\u0105\u017cy. <\/span><\/p>\n","protected":false},"featured_media":648,"comment_status":"open","ping_status":"closed","template":"","meta":{"inline_featured_image":false},"product_cat":[15],"product_tag":[],"acf":[],"_links":{"self":[{"href":"https:\/\/vertigo-shop.com\/pl\/wp-json\/wp\/v2\/product\/478"}],"collection":[{"href":"https:\/\/vertigo-shop.com\/pl\/wp-json\/wp\/v2\/product"}],"about":[{"href":"https:\/\/vertigo-shop.com\/pl\/wp-json\/wp\/v2\/types\/product"}],"replies":[{"embeddable":true,"href":"https:\/\/vertigo-shop.com\/pl\/wp-json\/wp\/v2\/comments?post=478"}],"wp:featuredmedia":[{"embeddable":true,"href":"https:\/\/vertigo-shop.com\/pl\/wp-json\/wp\/v2\/media\/648"}],"wp:attachment":[{"href":"https:\/\/vertigo-shop.com\/pl\/wp-json\/wp\/v2\/media?parent=478"}],"wp:term":[{"taxonomy":"product_cat","embeddable":true,"href":"https:\/\/vertigo-shop.com\/pl\/wp-json\/wp\/v2\/product_cat?post=478"},{"taxonomy":"product_tag","embeddable":true,"href":"https:\/\/vertigo-shop.com\/pl\/wp-json\/wp\/v2\/product_tag?post=478"}],"curies":[{"name":"wp","href":"https:\/\/api.w.org\/{rel}","templated":true}]}}