{"id":474,"date":"2021-08-10T17:30:59","date_gmt":"2021-08-10T15:30:59","guid":{"rendered":"https:\/\/vertigo-shop.com\/pl\/?post_type=product&#038;p=474"},"modified":"2023-09-01T14:17:10","modified_gmt":"2023-09-01T12:17:10","slug":"vertigo-v-pocket-style-moscow","status":"publish","type":"product","link":"https:\/\/vertigo-shop.com\/pl\/product\/vertigo-v-pocket-style-moscow\/","title":{"rendered":"Vertigo V Pocket Style &#8211; Moscow"},"content":{"rendered":"","protected":false},"excerpt":{"rendered":"<p><span style=\"font-weight: 400\"> Klasyczny model leggins\u00f3w Vertigo w kolorze czarnym charakteryzuje si\u0119 moc\u0105 super przylegania do sk\u00f3ry, dzi\u0119ki czemu jest po prostu idealny dla os\u00f3b uprawiaj\u0105cych wszelkiego rodzaju aktywno\u015bci sportowe, w kt\u00f3rych najwa\u017cniejsza jest maksymalna wygoda i swoboda ruch\u00f3w, komfort i swoboda ruch\u00f3w s\u0105 dla nich najwa\u017cniejsze. Dotyczy to r\u00f3wnie\u017c<br \/>\nkobiet w ci\u0105\u017cy, a tak\u017ce posiada praktycznie rozmieszczone i u\u017cyteczne kieszenie typu V. Dopasowuj\u0105 si\u0119 one bardzo \u0142atwo do wszystkich kombinacji odzie\u017cowych. <\/span><\/p>\n","protected":false},"featured_media":756,"comment_status":"open","ping_status":"closed","template":"","meta":{"inline_featured_image":false},"product_cat":[15],"product_tag":[],"acf":[],"_links":{"self":[{"href":"https:\/\/vertigo-shop.com\/pl\/wp-json\/wp\/v2\/product\/474"}],"collection":[{"href":"https:\/\/vertigo-shop.com\/pl\/wp-json\/wp\/v2\/product"}],"about":[{"href":"https:\/\/vertigo-shop.com\/pl\/wp-json\/wp\/v2\/types\/product"}],"replies":[{"embeddable":true,"href":"https:\/\/vertigo-shop.com\/pl\/wp-json\/wp\/v2\/comments?post=474"}],"wp:featuredmedia":[{"embeddable":true,"href":"https:\/\/vertigo-shop.com\/pl\/wp-json\/wp\/v2\/media\/756"}],"wp:attachment":[{"href":"https:\/\/vertigo-shop.com\/pl\/wp-json\/wp\/v2\/media?parent=474"}],"wp:term":[{"taxonomy":"product_cat","embeddable":true,"href":"https:\/\/vertigo-shop.com\/pl\/wp-json\/wp\/v2\/product_cat?post=474"},{"taxonomy":"product_tag","embeddable":true,"href":"https:\/\/vertigo-shop.com\/pl\/wp-json\/wp\/v2\/product_tag?post=474"}],"curies":[{"name":"wp","href":"https:\/\/api.w.org\/{rel}","templated":true}]}}