{"id":544,"date":"2021-08-19T15:23:12","date_gmt":"2021-08-19T13:23:12","guid":{"rendered":"https:\/\/vertigo-shop.com\/pl\/?page_id=544"},"modified":"2021-10-07T15:02:58","modified_gmt":"2021-10-07T13:02:58","slug":"vertigo-fms-material","status":"publish","type":"page","link":"https:\/\/vertigo-shop.com\/pl\/vertigo-fms-material\/","title":{"rendered":"VERTIGO FMS\u00ae Materia\u0142"},"content":{"rendered":"<p>&nbsp;<\/p>\n<p>&nbsp;<\/p>\n<p style=\"text-align: center;\"><strong>MATERIA\u0141 POWI\u0118KSZONY LUP\u0104!<\/strong><br \/>\nNa za\u0142\u0105czonym zdj\u0119ciu wida\u0107 jak wygl\u0105da materia\u0142, czyli w\u0142\u00f3kna mleczne VERTIGO FMS\u00ae&#8221; (Flex Milk Silk).w\u0142\u00f3kna mleczne &#8222;VERTIGO FMS\u00ae&#8221; (Flex Milk Silk), \u0142atwe do por\u00f3wnania ze zwyk\u0142ymi w\u0142\u00f3knami.<br \/>\nW\u0142\u00f3knami i w ten spos\u00f3b zauwa\u017cy\u0107 ogromn\u0105 r\u00f3\u017cnic\u0119 w jako\u015bci.<\/p>\n","protected":false},"excerpt":{"rendered":"<p>&nbsp; &nbsp; MATERIA\u0141 POWI\u0118KSZONY LUP\u0104! Na za\u0142\u0105czonym zdj\u0119ciu wida\u0107 jak wygl\u0105da materia\u0142, czyli w\u0142\u00f3kna mleczne VERTIGO FMS\u00ae&#8221; (Flex Milk Silk).w\u0142\u00f3kna mleczne &#8222;VERTIGO FMS\u00ae&#8221; (Flex Milk Silk), \u0142atwe do por\u00f3wnania ze zwyk\u0142ymi w\u0142\u00f3knami. W\u0142\u00f3knami i w ten spos\u00f3b zauwa\u017cy\u0107 ogromn\u0105 r\u00f3\u017cnic\u0119 w jako\u015bci.<\/p>\n","protected":false},"author":15,"featured_media":0,"parent":0,"menu_order":0,"comment_status":"closed","ping_status":"closed","template":"template-material.blade.php","meta":{"inline_featured_image":false},"acf":[],"_links":{"self":[{"href":"https:\/\/vertigo-shop.com\/pl\/wp-json\/wp\/v2\/pages\/544"}],"collection":[{"href":"https:\/\/vertigo-shop.com\/pl\/wp-json\/wp\/v2\/pages"}],"about":[{"href":"https:\/\/vertigo-shop.com\/pl\/wp-json\/wp\/v2\/types\/page"}],"author":[{"embeddable":true,"href":"https:\/\/vertigo-shop.com\/pl\/wp-json\/wp\/v2\/users\/15"}],"replies":[{"embeddable":true,"href":"https:\/\/vertigo-shop.com\/pl\/wp-json\/wp\/v2\/comments?post=544"}],"version-history":[{"count":63,"href":"https:\/\/vertigo-shop.com\/pl\/wp-json\/wp\/v2\/pages\/544\/revisions"}],"predecessor-version":[{"id":1052,"href":"https:\/\/vertigo-shop.com\/pl\/wp-json\/wp\/v2\/pages\/544\/revisions\/1052"}],"wp:attachment":[{"href":"https:\/\/vertigo-shop.com\/pl\/wp-json\/wp\/v2\/media?parent=544"}],"curies":[{"name":"wp","href":"https:\/\/api.w.org\/{rel}","templated":true}]}}