{"id":14,"date":"2021-03-11T05:40:41","date_gmt":"2021-03-11T05:40:41","guid":{"rendered":"https:\/\/gravitylabel.com\/?page_id=14"},"modified":"2021-09-30T14:10:11","modified_gmt":"2021-09-30T12:10:11","slug":"o-nas","status":"publish","type":"page","link":"https:\/\/vertigo-shop.com\/pl\/o-nas\/","title":{"rendered":"O nas"},"content":{"rendered":"<p><b>Odwaga, cena sukcesu!<\/b><\/p>\n<p><span style=\"font-weight: 400;\">Dzisiejszy gor\u0105czkowy tryb \u017cycia, kt\u00f3ry narzuci\u0142 si\u0119 nam wszystkim, niesie ze sob\u0105 pewne niepisane zasady. Pot\u0119pienie i krytyka sypi\u0105 si\u0119 ze wszystkich stron,<br \/>\nwszystko jest dok\u0142adnie mierzone i trudno jest wyp\u0142yn\u0105\u0107 na powierzchni\u0119 i wprowadzi\u0107 co\u015b nowego. Odwa\u017cyli\u015bmy si\u0119 i wiecie co? Zrobili\u015bmy to! My odnie\u015bli\u015bmy sukces, bo mieli\u015bmy do\u015b\u0107 odwagi i wierzyli\u015bmy w nasz\u0105 wizj\u0119. Dzi\u015b Vertigo\u00ae jest mark\u0105, kt\u00f3ra \u0142\u0105czy zdolnych, m\u0142odych i odwa\u017cnych i entuzjast\u00f3w, kt\u00f3rzy nieustannie pracuj\u0105 nad rozwojem marki kt\u00f3ra przesuwa granice \u015bwiata.<\/span><\/p>\n<p><span style=\"font-weight: 400;\">\u00a0<\/span><\/p>\n<p><b>Nasza odpowiedzialno\u015b\u0107<\/b><\/p>\n<p><span style=\"font-weight: 400;\">Rozumiemy powa\u017cnie i przyjmujemy odpowiedzialno\u015b\u0107, tworz\u0105c produkty za kt\u00f3rymi stoimy mocno i przejrzy\u015bcie oraz kt\u00f3re s\u0105 zgodne z zalecanymi standardami ochrony \u015brodowiska.<\/span><\/p>\n<p>&nbsp;<\/p>\n<p><b>Tw\u00f3j wyb\u00f3r!<\/b><\/p>\n<p><span style=\"font-weight: 400;\">To, co rozwijamy i oferujemy, jest Twoim wyborem i dzi\u0119kujemy Ci za to, jeste\u015bmy nieopisanie cieszymy si\u0119, \u017ce istniejesz i \u017ce nie zgadzasz si\u0119 z przeci\u0119tno\u015bci\u0105<br \/>\ni chcesz dla siebie tylko tego, co najlepsze! Poniewa\u017c VERTIGO\u00ae nie s\u0105 zwyk\u0142ymi legginsy, a nasze produkty to co\u015b wi\u0119cej, zdecydowa\u0142a\u015b si\u0119 na co\u015b pi\u0119knego, co\u015b wygodnego, co\u015b nowego, co\u015b rewolucyjnego, co\u015b NAJLEPSZEGO!<\/span><\/p>\n<p>&nbsp;<\/p>\n<p style=\"text-align: left;\"><strong>VERTIGO\u00ae <\/strong>jest mi\u0119dzynarodow\u0105 mark\u0105 modow\u0105, kt\u00f3ra w Polsce reprezentowana jest przez:<\/p>\n<p style=\"text-align: left;\"><strong>ECTCEU d.o.o.<\/strong><\/p>\n<p style=\"text-align: left;\"><strong>Gmajnica 73b,\u00a0<\/strong><strong>1218 Komenda,\u00a0<\/strong><strong>Slovenia<\/strong><\/p>\n<p><strong>Kod podatkowy: 37400233<\/strong><\/p>\n<p><strong>Numer rejestracyjny:\u00a0 8477493000<\/strong><\/p>\n","protected":false},"excerpt":{"rendered":"<p>Odwaga, cena sukcesu! Dzisiejszy gor\u0105czkowy tryb \u017cycia, kt\u00f3ry narzuci\u0142 si\u0119 nam wszystkim, niesie ze sob\u0105 pewne niepisane zasady. Pot\u0119pienie i krytyka sypi\u0105 si\u0119 ze wszystkich stron, wszystko jest dok\u0142adnie mierzone i trudno jest wyp\u0142yn\u0105\u0107 na powierzchni\u0119 i wprowadzi\u0107 co\u015b nowego. Odwa\u017cyli\u015bmy si\u0119 i wiecie co? Zrobili\u015bmy to! My odnie\u015bli\u015bmy sukces, bo mieli\u015bmy do\u015b\u0107 odwagi i &hellip; <a href=\"https:\/\/vertigo-shop.com\/pl\/o-nas\/\">Continued<\/a><\/p>\n","protected":false},"author":1,"featured_media":0,"parent":0,"menu_order":0,"comment_status":"closed","ping_status":"closed","template":"template-content.blade.php","meta":{"inline_featured_image":false},"acf":[],"_links":{"self":[{"href":"https:\/\/vertigo-shop.com\/pl\/wp-json\/wp\/v2\/pages\/14"}],"collection":[{"href":"https:\/\/vertigo-shop.com\/pl\/wp-json\/wp\/v2\/pages"}],"about":[{"href":"https:\/\/vertigo-shop.com\/pl\/wp-json\/wp\/v2\/types\/page"}],"author":[{"embeddable":true,"href":"https:\/\/vertigo-shop.com\/pl\/wp-json\/wp\/v2\/users\/1"}],"replies":[{"embeddable":true,"href":"https:\/\/vertigo-shop.com\/pl\/wp-json\/wp\/v2\/comments?post=14"}],"version-history":[{"count":13,"href":"https:\/\/vertigo-shop.com\/pl\/wp-json\/wp\/v2\/pages\/14\/revisions"}],"predecessor-version":[{"id":1047,"href":"https:\/\/vertigo-shop.com\/pl\/wp-json\/wp\/v2\/pages\/14\/revisions\/1047"}],"wp:attachment":[{"href":"https:\/\/vertigo-shop.com\/pl\/wp-json\/wp\/v2\/media?parent=14"}],"curies":[{"name":"wp","href":"https:\/\/api.w.org\/{rel}","templated":true}]}}