{"id":514,"date":"2021-08-10T18:36:03","date_gmt":"2021-08-10T16:36:03","guid":{"rendered":"https:\/\/vertigo-shop.com\/hu\/?post_type=product&#038;p=514"},"modified":"2023-09-01T14:04:31","modified_gmt":"2023-09-01T12:04:31","slug":"vertigo-classic-amsterdam","status":"publish","type":"product","link":"https:\/\/vertigo-shop.com\/hu\/product\/vertigo-classic-amsterdam\/","title":{"rendered":"Vertigo Classic &#8211; Amsterdam"},"content":{"rendered":"","protected":false},"excerpt":{"rendered":"<p>Ez a fekete leggingsmodell \u00e1mulatba ejti a n\u0151ket a fekete-feh\u00e9r mint\u00e1s oldals\u00f3 cs\u00edkjaival, amelyek vizu\u00e1lisan v\u00e9konyabb\u00e1 teszik a l\u00e1bakat. Sz\u00e9les \u00f6vvel rendelkezik, amely t\u00e1mogatja a hasat \u00e9s a cs\u00edp\u0151t, jellemz\u0151en k\u00e9nyelmes, pillek\u00f6nny\u0171 \u00e9s rugalmas, valamint nagyon is alkalmas a terhes n\u0151k sz\u00e1m\u00e1ra. Az uralkod\u00f3 fekete sz\u00ednnek k\u00f6sz\u00f6nhet\u0151en ez a modell k\u00f6nnyen kombin\u00e1lhat\u00f3 b\u00e1rmilyen ruhadarabbal.<\/p>\n","protected":false},"featured_media":768,"comment_status":"open","ping_status":"closed","template":"","meta":{"inline_featured_image":false},"product_cat":[15],"product_tag":[],"acf":[],"_links":{"self":[{"href":"https:\/\/vertigo-shop.com\/hu\/wp-json\/wp\/v2\/product\/514"}],"collection":[{"href":"https:\/\/vertigo-shop.com\/hu\/wp-json\/wp\/v2\/product"}],"about":[{"href":"https:\/\/vertigo-shop.com\/hu\/wp-json\/wp\/v2\/types\/product"}],"replies":[{"embeddable":true,"href":"https:\/\/vertigo-shop.com\/hu\/wp-json\/wp\/v2\/comments?post=514"}],"wp:featuredmedia":[{"embeddable":true,"href":"https:\/\/vertigo-shop.com\/hu\/wp-json\/wp\/v2\/media\/768"}],"wp:attachment":[{"href":"https:\/\/vertigo-shop.com\/hu\/wp-json\/wp\/v2\/media?parent=514"}],"wp:term":[{"taxonomy":"product_cat","embeddable":true,"href":"https:\/\/vertigo-shop.com\/hu\/wp-json\/wp\/v2\/product_cat?post=514"},{"taxonomy":"product_tag","embeddable":true,"href":"https:\/\/vertigo-shop.com\/hu\/wp-json\/wp\/v2\/product_tag?post=514"}],"curies":[{"name":"wp","href":"https:\/\/api.w.org\/{rel}","templated":true}]}}