{"id":509,"date":"2021-08-10T18:28:19","date_gmt":"2021-08-10T16:28:19","guid":{"rendered":"https:\/\/vertigo-shop.com\/hu\/?post_type=product&#038;p=509"},"modified":"2023-09-01T14:05:06","modified_gmt":"2023-09-01T12:05:06","slug":"vertigo-classic-athens","status":"publish","type":"product","link":"https:\/\/vertigo-shop.com\/hu\/product\/vertigo-classic-athens\/","title":{"rendered":"Vertigo Classic &#8211; Athens"},"content":{"rendered":"","protected":false},"excerpt":{"rendered":"<p>Az Athens egy rendk\u00edv\u00fcl k\u00e9nyelmes \u00e9s rugalmas leggingsmodell, \u00e9rdekes mint\u00e1val, piros sz\u00ednben, sz\u00e9les \u00f6vvel, amely t\u00e1mogatja a hasat \u00e9s a cs\u00edp\u0151t, alkalmas terhes n\u0151knek, valamint olyan kialak\u00edt\u00e1ssal rendelkezik a leggingssz\u00e1rak oldal\u00e1n, amely vizu\u00e1lisan v\u00e9konyabb\u00e1 teszi a l\u00e1bakat.<\/p>\n","protected":false},"featured_media":676,"comment_status":"open","ping_status":"closed","template":"","meta":{"inline_featured_image":false},"product_cat":[15],"product_tag":[],"acf":[],"_links":{"self":[{"href":"https:\/\/vertigo-shop.com\/hu\/wp-json\/wp\/v2\/product\/509"}],"collection":[{"href":"https:\/\/vertigo-shop.com\/hu\/wp-json\/wp\/v2\/product"}],"about":[{"href":"https:\/\/vertigo-shop.com\/hu\/wp-json\/wp\/v2\/types\/product"}],"replies":[{"embeddable":true,"href":"https:\/\/vertigo-shop.com\/hu\/wp-json\/wp\/v2\/comments?post=509"}],"wp:featuredmedia":[{"embeddable":true,"href":"https:\/\/vertigo-shop.com\/hu\/wp-json\/wp\/v2\/media\/676"}],"wp:attachment":[{"href":"https:\/\/vertigo-shop.com\/hu\/wp-json\/wp\/v2\/media?parent=509"}],"wp:term":[{"taxonomy":"product_cat","embeddable":true,"href":"https:\/\/vertigo-shop.com\/hu\/wp-json\/wp\/v2\/product_cat?post=509"},{"taxonomy":"product_tag","embeddable":true,"href":"https:\/\/vertigo-shop.com\/hu\/wp-json\/wp\/v2\/product_tag?post=509"}],"curies":[{"name":"wp","href":"https:\/\/api.w.org\/{rel}","templated":true}]}}