{"id":504,"date":"2021-08-10T18:22:00","date_gmt":"2021-08-10T16:22:00","guid":{"rendered":"https:\/\/vertigo-shop.com\/hu\/?post_type=product&#038;p=504"},"modified":"2023-09-01T14:05:44","modified_gmt":"2023-09-01T12:05:44","slug":"vertigo-classic-madrid","status":"publish","type":"product","link":"https:\/\/vertigo-shop.com\/hu\/product\/vertigo-classic-madrid\/","title":{"rendered":"Vertigo Classic &#8211; Madrid"},"content":{"rendered":"","protected":false},"excerpt":{"rendered":"<p>A modell, amely k\u00fcl\u00f6nleges spir\u00e1lis kialak\u00edt\u00e1s\u00e1val t\u0171nik ki: vizu\u00e1lisan meghosszabb\u00edtja a l\u00e1bakat, ez\u00e9rt a n\u0151k egyszer\u0171en im\u00e1dj\u00e1k ezt a n\u00e9pszer\u0171 modellt. Sz\u00e9les \u00f6vvel rendelkezik, amely t\u00e1mogatja a hasat \u00e9s a cs\u00edp\u0151t, alkalmas terhesek sz\u00e1m\u00e1ra is, valamint jellegzetesen puha \u00e9s rugalmas, mint a Vertigo \u00f6sszes modellje.<\/p>\n","protected":false},"featured_media":684,"comment_status":"open","ping_status":"closed","template":"","meta":{"inline_featured_image":false},"product_cat":[15],"product_tag":[],"acf":[],"_links":{"self":[{"href":"https:\/\/vertigo-shop.com\/hu\/wp-json\/wp\/v2\/product\/504"}],"collection":[{"href":"https:\/\/vertigo-shop.com\/hu\/wp-json\/wp\/v2\/product"}],"about":[{"href":"https:\/\/vertigo-shop.com\/hu\/wp-json\/wp\/v2\/types\/product"}],"replies":[{"embeddable":true,"href":"https:\/\/vertigo-shop.com\/hu\/wp-json\/wp\/v2\/comments?post=504"}],"wp:featuredmedia":[{"embeddable":true,"href":"https:\/\/vertigo-shop.com\/hu\/wp-json\/wp\/v2\/media\/684"}],"wp:attachment":[{"href":"https:\/\/vertigo-shop.com\/hu\/wp-json\/wp\/v2\/media?parent=504"}],"wp:term":[{"taxonomy":"product_cat","embeddable":true,"href":"https:\/\/vertigo-shop.com\/hu\/wp-json\/wp\/v2\/product_cat?post=504"},{"taxonomy":"product_tag","embeddable":true,"href":"https:\/\/vertigo-shop.com\/hu\/wp-json\/wp\/v2\/product_tag?post=504"}],"curies":[{"name":"wp","href":"https:\/\/api.w.org\/{rel}","templated":true}]}}