{"id":499,"date":"2021-08-10T18:11:36","date_gmt":"2021-08-10T16:11:36","guid":{"rendered":"https:\/\/vertigo-shop.com\/hu\/?post_type=product&#038;p=499"},"modified":"2023-09-01T14:06:32","modified_gmt":"2023-09-01T12:06:32","slug":"vertigo-classic-london","status":"publish","type":"product","link":"https:\/\/vertigo-shop.com\/hu\/product\/vertigo-classic-london\/","title":{"rendered":"Vertigo Classic &#8211; London"},"content":{"rendered":"","protected":false},"excerpt":{"rendered":"<p>Rendk\u00edv\u00fcl rugalmas leggings, amely egyszer\u0171 szab\u00e1s\u00fa, valamint a hasat \u00e9s a cs\u00edp\u0151t t\u00e1mogat\u00f3, sz\u00e9les \u00f6vvel rendelkezik. Alkalmas terhes n\u0151k sz\u00e1m\u00e1ra. K\u00fcl\u00f6nleges fekete-feh\u00e9r mint\u00e1j\u00e1val kit\u0171nik, \u00e9s elvonja a figyelmet a test esetleges hib\u00e1ir\u00f3l, valamint vizu\u00e1lisan megsz\u00e9p\u00edti a l\u00e1bat. K\u00f6nnyen kombin\u00e1lhat\u00f3 a legt\u00f6bb ruhadarabbal.<\/p>\n","protected":false},"featured_media":692,"comment_status":"open","ping_status":"closed","template":"","meta":{"inline_featured_image":false},"product_cat":[15],"product_tag":[],"acf":[],"_links":{"self":[{"href":"https:\/\/vertigo-shop.com\/hu\/wp-json\/wp\/v2\/product\/499"}],"collection":[{"href":"https:\/\/vertigo-shop.com\/hu\/wp-json\/wp\/v2\/product"}],"about":[{"href":"https:\/\/vertigo-shop.com\/hu\/wp-json\/wp\/v2\/types\/product"}],"replies":[{"embeddable":true,"href":"https:\/\/vertigo-shop.com\/hu\/wp-json\/wp\/v2\/comments?post=499"}],"wp:featuredmedia":[{"embeddable":true,"href":"https:\/\/vertigo-shop.com\/hu\/wp-json\/wp\/v2\/media\/692"}],"wp:attachment":[{"href":"https:\/\/vertigo-shop.com\/hu\/wp-json\/wp\/v2\/media?parent=499"}],"wp:term":[{"taxonomy":"product_cat","embeddable":true,"href":"https:\/\/vertigo-shop.com\/hu\/wp-json\/wp\/v2\/product_cat?post=499"},{"taxonomy":"product_tag","embeddable":true,"href":"https:\/\/vertigo-shop.com\/hu\/wp-json\/wp\/v2\/product_tag?post=499"}],"curies":[{"name":"wp","href":"https:\/\/api.w.org\/{rel}","templated":true}]}}