{"id":494,"date":"2021-08-10T18:05:25","date_gmt":"2021-08-10T16:05:25","guid":{"rendered":"https:\/\/vertigo-shop.com\/hu\/?post_type=product&#038;p=494"},"modified":"2023-09-01T14:07:10","modified_gmt":"2023-09-01T12:07:10","slug":"vertigo-classic-moscow","status":"publish","type":"product","link":"https:\/\/vertigo-shop.com\/hu\/product\/vertigo-classic-moscow\/","title":{"rendered":"Vertigo Classic &#8211; Moscow"},"content":{"rendered":"","protected":false},"excerpt":{"rendered":"<p>A fekete sz\u00edn\u0171 leggings abszol\u00fat klasszikus modellje, amely rendk\u00edv\u00fcl rugalmas, \u00edgy biztosan illik minden h\u00f6lgyre \u2013 m\u00e9g a terhes n\u0151kre is \u2013, \u00e9s ami a legfontosabb, b\u00e1rmilyen esem\u00e9lyre felvehet\u0151, mivel v\u00e9gtelen sok ruhadarabbal kombin\u00e1lhat\u00f3.<\/p>\n","protected":false},"featured_media":748,"comment_status":"open","ping_status":"closed","template":"","meta":{"inline_featured_image":false},"product_cat":[15],"product_tag":[],"acf":[],"_links":{"self":[{"href":"https:\/\/vertigo-shop.com\/hu\/wp-json\/wp\/v2\/product\/494"}],"collection":[{"href":"https:\/\/vertigo-shop.com\/hu\/wp-json\/wp\/v2\/product"}],"about":[{"href":"https:\/\/vertigo-shop.com\/hu\/wp-json\/wp\/v2\/types\/product"}],"replies":[{"embeddable":true,"href":"https:\/\/vertigo-shop.com\/hu\/wp-json\/wp\/v2\/comments?post=494"}],"wp:featuredmedia":[{"embeddable":true,"href":"https:\/\/vertigo-shop.com\/hu\/wp-json\/wp\/v2\/media\/748"}],"wp:attachment":[{"href":"https:\/\/vertigo-shop.com\/hu\/wp-json\/wp\/v2\/media?parent=494"}],"wp:term":[{"taxonomy":"product_cat","embeddable":true,"href":"https:\/\/vertigo-shop.com\/hu\/wp-json\/wp\/v2\/product_cat?post=494"},{"taxonomy":"product_tag","embeddable":true,"href":"https:\/\/vertigo-shop.com\/hu\/wp-json\/wp\/v2\/product_tag?post=494"}],"curies":[{"name":"wp","href":"https:\/\/api.w.org\/{rel}","templated":true}]}}