{"id":489,"date":"2021-08-10T17:49:11","date_gmt":"2021-08-10T15:49:11","guid":{"rendered":"https:\/\/vertigo-shop.com\/hu\/?post_type=product&#038;p=489"},"modified":"2023-09-01T14:07:45","modified_gmt":"2023-09-01T12:07:45","slug":"vertigo-classic-prague","status":"publish","type":"product","link":"https:\/\/vertigo-shop.com\/hu\/product\/vertigo-classic-prague\/","title":{"rendered":"Vertigo Classic &#8211; Prague"},"content":{"rendered":"","protected":false},"excerpt":{"rendered":"<p>Egy teljesen klasszikus, egyszer\u0171 szab\u00e1s\u00fa leggingsmodell sz\u00e9les \u00f6vvel, amely t\u00e1mogatja a hasat \u00e9s a cs\u00edp\u0151t, \u00edgy terheseknek is alkalmas. Visszafogott \u00e1rnyalatokban kaphat\u00f3 \u00e9s t\u00f6bb mindennel kombin\u00e1lhat\u00f3, valamint eltereli a figyelmet a test esetleges t\u00f6k\u00e9letlens\u00e9geir\u0151l, \u00e9s vizu\u00e1lisan v\u00e9kony\u00edtja a l\u00e1bakat. <span style=\"font-weight: 400\"> A sz\u00fcrk\u00e9s \u00e1rnyalatnak k\u00f6sz\u00f6nhet\u0151en nagyon k\u00f6nnyen illeszkedik minden ruhadarabhoz. <\/span><\/p>\n","protected":false},"featured_media":708,"comment_status":"open","ping_status":"closed","template":"","meta":{"inline_featured_image":false},"product_cat":[15],"product_tag":[],"acf":[],"_links":{"self":[{"href":"https:\/\/vertigo-shop.com\/hu\/wp-json\/wp\/v2\/product\/489"}],"collection":[{"href":"https:\/\/vertigo-shop.com\/hu\/wp-json\/wp\/v2\/product"}],"about":[{"href":"https:\/\/vertigo-shop.com\/hu\/wp-json\/wp\/v2\/types\/product"}],"replies":[{"embeddable":true,"href":"https:\/\/vertigo-shop.com\/hu\/wp-json\/wp\/v2\/comments?post=489"}],"wp:featuredmedia":[{"embeddable":true,"href":"https:\/\/vertigo-shop.com\/hu\/wp-json\/wp\/v2\/media\/708"}],"wp:attachment":[{"href":"https:\/\/vertigo-shop.com\/hu\/wp-json\/wp\/v2\/media?parent=489"}],"wp:term":[{"taxonomy":"product_cat","embeddable":true,"href":"https:\/\/vertigo-shop.com\/hu\/wp-json\/wp\/v2\/product_cat?post=489"},{"taxonomy":"product_tag","embeddable":true,"href":"https:\/\/vertigo-shop.com\/hu\/wp-json\/wp\/v2\/product_tag?post=489"}],"curies":[{"name":"wp","href":"https:\/\/api.w.org\/{rel}","templated":true}]}}