{"id":482,"date":"2021-08-10T17:35:44","date_gmt":"2021-08-10T15:35:44","guid":{"rendered":"https:\/\/vertigo-shop.com\/hu\/?post_type=product&#038;p=482"},"modified":"2023-09-01T14:08:28","modified_gmt":"2023-09-01T12:08:28","slug":"vertigo-classic-paris","status":"publish","type":"product","link":"https:\/\/vertigo-shop.com\/hu\/product\/vertigo-classic-paris\/","title":{"rendered":"Vertigo Classic &#8211; Paris"},"content":{"rendered":"","protected":false},"excerpt":{"rendered":"<p>Emellett ezt a nagyszer\u0171, extrasztreccs leggingsmodellt sz\u00e9les \u00f6vvel is k\u00edn\u00e1ljuk, amely t\u00e1mogatja a hasat \u00e9s a cs\u00edp\u0151t, \u00edgy megfelel\u0151 a terhes n\u0151k sz\u00e1m\u00e1ra. Egy sz\u00e9p sz\u00ednes mint\u00e1val rendelkezik, amelyben a s\u00e1rga \u00e1rnyalatok domin\u00e1lnak. K\u00fcl\u00f6n\u00f6sen ki szeretn\u00e9nk emelni, hogy a leggingssz\u00e1rak oldal\u00e1n l\u00e9v\u0151 sz\u00ednes cs\u00edkok \u00fagy lettek felvarrva, hogy a l\u00e1bak vizu\u00e1lisan v\u00e9konyabbnak t\u0171njenek.<\/p>\n","protected":false},"featured_media":717,"comment_status":"open","ping_status":"closed","template":"","meta":{"inline_featured_image":false},"product_cat":[15],"product_tag":[],"acf":[],"_links":{"self":[{"href":"https:\/\/vertigo-shop.com\/hu\/wp-json\/wp\/v2\/product\/482"}],"collection":[{"href":"https:\/\/vertigo-shop.com\/hu\/wp-json\/wp\/v2\/product"}],"about":[{"href":"https:\/\/vertigo-shop.com\/hu\/wp-json\/wp\/v2\/types\/product"}],"replies":[{"embeddable":true,"href":"https:\/\/vertigo-shop.com\/hu\/wp-json\/wp\/v2\/comments?post=482"}],"wp:featuredmedia":[{"embeddable":true,"href":"https:\/\/vertigo-shop.com\/hu\/wp-json\/wp\/v2\/media\/717"}],"wp:attachment":[{"href":"https:\/\/vertigo-shop.com\/hu\/wp-json\/wp\/v2\/media?parent=482"}],"wp:term":[{"taxonomy":"product_cat","embeddable":true,"href":"https:\/\/vertigo-shop.com\/hu\/wp-json\/wp\/v2\/product_cat?post=482"},{"taxonomy":"product_tag","embeddable":true,"href":"https:\/\/vertigo-shop.com\/hu\/wp-json\/wp\/v2\/product_tag?post=482"}],"curies":[{"name":"wp","href":"https:\/\/api.w.org\/{rel}","templated":true}]}}