{"id":478,"date":"2021-08-10T17:32:34","date_gmt":"2021-08-10T15:32:34","guid":{"rendered":"https:\/\/vertigo-shop.com\/hu\/?post_type=product&#038;p=478"},"modified":"2023-09-01T14:09:54","modified_gmt":"2023-09-01T12:09:54","slug":"vertigo-classic-roma","status":"publish","type":"product","link":"https:\/\/vertigo-shop.com\/hu\/product\/vertigo-classic-roma\/","title":{"rendered":"Vertigo Classic &#8211; Roma"},"content":{"rendered":"","protected":false},"excerpt":{"rendered":"<p><span style=\"font-weight: 400\"> A vid\u00e1m lila \u00e1rnyalat\u00fa, \u00e9rdekes mint\u00e1k v\u00e1rosias hangulatot k\u00f6lcs\u00f6n\u00f6znek a megjelen\u00e9sednek, \u00e9s ide\u00e1lisan kombin\u00e1lhatod b\u00e1rmilyen t\u00edpus\u00fa ruhadarabbal. A sz\u00ednes leggings feldobja a hangulatodat. Az anyag puhas\u00e1ga \u00e9s ny\u00fajthat\u00f3s\u00e1ga miatt rendk\u00edv\u00fcl alkalmasak terhes n\u0151k sz\u00e1m\u00e1ra. <\/span><\/p>\n","protected":false},"featured_media":648,"comment_status":"open","ping_status":"closed","template":"","meta":{"inline_featured_image":false},"product_cat":[15],"product_tag":[],"acf":[],"_links":{"self":[{"href":"https:\/\/vertigo-shop.com\/hu\/wp-json\/wp\/v2\/product\/478"}],"collection":[{"href":"https:\/\/vertigo-shop.com\/hu\/wp-json\/wp\/v2\/product"}],"about":[{"href":"https:\/\/vertigo-shop.com\/hu\/wp-json\/wp\/v2\/types\/product"}],"replies":[{"embeddable":true,"href":"https:\/\/vertigo-shop.com\/hu\/wp-json\/wp\/v2\/comments?post=478"}],"wp:featuredmedia":[{"embeddable":true,"href":"https:\/\/vertigo-shop.com\/hu\/wp-json\/wp\/v2\/media\/648"}],"wp:attachment":[{"href":"https:\/\/vertigo-shop.com\/hu\/wp-json\/wp\/v2\/media?parent=478"}],"wp:term":[{"taxonomy":"product_cat","embeddable":true,"href":"https:\/\/vertigo-shop.com\/hu\/wp-json\/wp\/v2\/product_cat?post=478"},{"taxonomy":"product_tag","embeddable":true,"href":"https:\/\/vertigo-shop.com\/hu\/wp-json\/wp\/v2\/product_tag?post=478"}],"curies":[{"name":"wp","href":"https:\/\/api.w.org\/{rel}","templated":true}]}}