{"id":474,"date":"2021-08-10T17:30:59","date_gmt":"2021-08-10T15:30:59","guid":{"rendered":"https:\/\/vertigo-shop.com\/hu\/?post_type=product&#038;p=474"},"modified":"2023-09-01T14:10:45","modified_gmt":"2023-09-01T12:10:45","slug":"v-zsebes-stilusu-vertigo-moscow","status":"publish","type":"product","link":"https:\/\/vertigo-shop.com\/hu\/product\/v-zsebes-stilusu-vertigo-moscow\/","title":{"rendered":"V zsebes st\u00edlus\u00fa Vertigo &#8211; Moscow"},"content":{"rendered":"","protected":false},"excerpt":{"rendered":"<p><span style=\"font-weight: 400\"> A klasszikus, fekete sz\u00edn\u0171 Vertigo leggingsmodellt a b\u0151rh\u00f6z val\u00f3 rendk\u00edv\u00fcli tapad\u00e1s jellemzi, \u00edgy egyszer\u0171en t\u00f6k\u00e9letes a mindenf\u00e9le sporttev\u00e9kenys\u00e9get folytat\u00f3k sz\u00e1m\u00e1ra, mivel maxim\u00e1lis k\u00e9nyelmet \u00e9s mozg\u00e1sszabads\u00e1got biztos\u00edt. A terhes n\u0151k sz\u00e1m\u00e1ra is t\u00f6k\u00e9letes, valamint praktikusan elhelyezett \u00e9s hasznos \u201eV\u201d zsebekkel rendelkezik. Nagyon k\u00f6nnyen illeszkedik minden ruhadarabhoz. <\/span><\/p>\n","protected":false},"featured_media":756,"comment_status":"open","ping_status":"closed","template":"","meta":{"inline_featured_image":false},"product_cat":[15],"product_tag":[],"acf":[],"_links":{"self":[{"href":"https:\/\/vertigo-shop.com\/hu\/wp-json\/wp\/v2\/product\/474"}],"collection":[{"href":"https:\/\/vertigo-shop.com\/hu\/wp-json\/wp\/v2\/product"}],"about":[{"href":"https:\/\/vertigo-shop.com\/hu\/wp-json\/wp\/v2\/types\/product"}],"replies":[{"embeddable":true,"href":"https:\/\/vertigo-shop.com\/hu\/wp-json\/wp\/v2\/comments?post=474"}],"wp:featuredmedia":[{"embeddable":true,"href":"https:\/\/vertigo-shop.com\/hu\/wp-json\/wp\/v2\/media\/756"}],"wp:attachment":[{"href":"https:\/\/vertigo-shop.com\/hu\/wp-json\/wp\/v2\/media?parent=474"}],"wp:term":[{"taxonomy":"product_cat","embeddable":true,"href":"https:\/\/vertigo-shop.com\/hu\/wp-json\/wp\/v2\/product_cat?post=474"},{"taxonomy":"product_tag","embeddable":true,"href":"https:\/\/vertigo-shop.com\/hu\/wp-json\/wp\/v2\/product_tag?post=474"}],"curies":[{"name":"wp","href":"https:\/\/api.w.org\/{rel}","templated":true}]}}