{"id":544,"date":"2021-08-19T15:23:12","date_gmt":"2021-08-19T13:23:12","guid":{"rendered":"https:\/\/vertigo-shop.com\/hu\/?page_id=544"},"modified":"2021-10-07T15:02:49","modified_gmt":"2021-10-07T13:02:49","slug":"vertigo-fms-anyag","status":"publish","type":"page","link":"https:\/\/vertigo-shop.com\/hu\/vertigo-fms-anyag\/","title":{"rendered":"VERTIGO FMS\u00ae Anyag"},"content":{"rendered":"<p>&nbsp;<\/p>\n<p>&nbsp;<\/p>\n<p style=\"text-align: center\"><strong>FELNAGY\u00cdTOTT ANYAG<\/strong><br \/>\nA mell\u00e9kelt k\u00e9pen l\u00e1that\u00f3, hogy milyen az anyag, azaz a \u201eVERTIGO FMS\u00ae\u201d (Flex Milk Silk) tejsz\u00e1lak (k\u00f6nnyen \u00f6sszehasonl\u00edthat\u00f3k a k\u00f6z\u00f6ns\u00e9ges sz\u00e1lakkal, \u00e9s \u00e9szrevehet\u0151 a hatalmas min\u0151s\u00e9gbeli k\u00fcl\u00f6nbs\u00e9g).<\/p>\n","protected":false},"excerpt":{"rendered":"<p>&nbsp; &nbsp; FELNAGY\u00cdTOTT ANYAG A mell\u00e9kelt k\u00e9pen l\u00e1that\u00f3, hogy milyen az anyag, azaz a \u201eVERTIGO FMS\u00ae\u201d (Flex Milk Silk) tejsz\u00e1lak (k\u00f6nnyen \u00f6sszehasonl\u00edthat\u00f3k a k\u00f6z\u00f6ns\u00e9ges sz\u00e1lakkal, \u00e9s \u00e9szrevehet\u0151 a hatalmas min\u0151s\u00e9gbeli k\u00fcl\u00f6nbs\u00e9g).<\/p>\n","protected":false},"author":15,"featured_media":0,"parent":0,"menu_order":0,"comment_status":"closed","ping_status":"closed","template":"template-material.blade.php","meta":{"inline_featured_image":false},"acf":[],"_links":{"self":[{"href":"https:\/\/vertigo-shop.com\/hu\/wp-json\/wp\/v2\/pages\/544"}],"collection":[{"href":"https:\/\/vertigo-shop.com\/hu\/wp-json\/wp\/v2\/pages"}],"about":[{"href":"https:\/\/vertigo-shop.com\/hu\/wp-json\/wp\/v2\/types\/page"}],"author":[{"embeddable":true,"href":"https:\/\/vertigo-shop.com\/hu\/wp-json\/wp\/v2\/users\/15"}],"replies":[{"embeddable":true,"href":"https:\/\/vertigo-shop.com\/hu\/wp-json\/wp\/v2\/comments?post=544"}],"version-history":[{"count":63,"href":"https:\/\/vertigo-shop.com\/hu\/wp-json\/wp\/v2\/pages\/544\/revisions"}],"predecessor-version":[{"id":1051,"href":"https:\/\/vertigo-shop.com\/hu\/wp-json\/wp\/v2\/pages\/544\/revisions\/1051"}],"wp:attachment":[{"href":"https:\/\/vertigo-shop.com\/hu\/wp-json\/wp\/v2\/media?parent=544"}],"curies":[{"name":"wp","href":"https:\/\/api.w.org\/{rel}","templated":true}]}}