{"id":15,"date":"2021-03-11T05:41:10","date_gmt":"2021-03-11T05:41:10","guid":{"rendered":"https:\/\/gravitylabel.com\/?page_id=15"},"modified":"2021-09-29T13:56:49","modified_gmt":"2021-09-29T11:56:49","slug":"contact","status":"publish","type":"page","link":"https:\/\/vertigo-shop.com\/hu\/contact\/","title":{"rendered":"Contact"},"content":{"rendered":"<p style=\"text-align: left\"><strong>ECTCEU d.o.o.<\/strong><\/p>\n<p style=\"text-align: left\"><strong>Gmajnica 73b,\u00a01218 Komenda,\u00a0Slovenia<\/strong><\/p>\n<p><strong>Ad\u00f3sz\u00e1m: 37400233<\/strong><\/p>\n<p><strong>C\u00e9gjegyz\u00e9ksz\u00e1m: 8477493000<\/strong><\/p>\n<p><strong>Mail: hu@vertigo-shop.com<\/strong><\/p>\n","protected":false},"excerpt":{"rendered":"<p>ECTCEU d.o.o. Gmajnica 73b,\u00a01218 Komenda,\u00a0Slovenia Ad\u00f3sz\u00e1m: 37400233 C\u00e9gjegyz\u00e9ksz\u00e1m: 8477493000 Mail: hu@vertigo-shop.com<\/p>\n","protected":false},"author":1,"featured_media":0,"parent":0,"menu_order":0,"comment_status":"closed","ping_status":"closed","template":"template-content.blade.php","meta":{"inline_featured_image":false},"acf":[],"_links":{"self":[{"href":"https:\/\/vertigo-shop.com\/hu\/wp-json\/wp\/v2\/pages\/15"}],"collection":[{"href":"https:\/\/vertigo-shop.com\/hu\/wp-json\/wp\/v2\/pages"}],"about":[{"href":"https:\/\/vertigo-shop.com\/hu\/wp-json\/wp\/v2\/types\/page"}],"author":[{"embeddable":true,"href":"https:\/\/vertigo-shop.com\/hu\/wp-json\/wp\/v2\/users\/1"}],"replies":[{"embeddable":true,"href":"https:\/\/vertigo-shop.com\/hu\/wp-json\/wp\/v2\/comments?post=15"}],"version-history":[{"count":10,"href":"https:\/\/vertigo-shop.com\/hu\/wp-json\/wp\/v2\/pages\/15\/revisions"}],"predecessor-version":[{"id":1037,"href":"https:\/\/vertigo-shop.com\/hu\/wp-json\/wp\/v2\/pages\/15\/revisions\/1037"}],"wp:attachment":[{"href":"https:\/\/vertigo-shop.com\/hu\/wp-json\/wp\/v2\/media?parent=15"}],"curies":[{"name":"wp","href":"https:\/\/api.w.org\/{rel}","templated":true}]}}