{"id":14,"date":"2021-03-11T05:40:41","date_gmt":"2021-03-11T05:40:41","guid":{"rendered":"https:\/\/gravitylabel.com\/?page_id=14"},"modified":"2021-09-30T14:11:38","modified_gmt":"2021-09-30T12:11:38","slug":"rolunk","status":"publish","type":"page","link":"https:\/\/vertigo-shop.com\/hu\/rolunk\/","title":{"rendered":"R\u00f3lunk"},"content":{"rendered":"<p><b>A siker kulcsa a mer\u00e9szs\u00e9g!<\/b><\/p>\n<p><span style=\"font-weight: 400;\">A manaps\u00e1g folytatott hektikus \u00e9letm\u00f3ddal n\u00e9h\u00e1ny \u00edratlan szab\u00e1lyt is a nyakunkba kapunk. Mindenfel\u0151l \u00edt\u00e9lkeznek \u00e9s kritiz\u00e1lnak, \u00edgy nagy fok\u00fa k\u00f6r\u00fcltekint\u00e9ssel kell elj\u00e1rnunk, aminek k\u00f6vetkezt\u00e9ben nagyon neh\u00e9z valami \u00fajat alkotni. Mi m\u00e9gis megk\u00eds\u00e9relt\u00fck, \u00e9s tudod mit? Sikerrel j\u00e1rtunk! Az\u00e9rt siker\u00fclt nek\u00fcnk, mert el\u00e9g b\u00e1trak voltunk, \u00e9s hitt\u00fcnk az elk\u00e9pzel\u00e9s\u00fcnkben. Napjainkban a Vertigo\u00ae egy olyan M\u00c1RKA, amely k\u00f6r\u00e9 tehets\u00e9ges, fiatal \u00e9s b\u00e1tor egy\u00e9nek gy\u0171lnek, akik folyamatosan egy hat\u00e1rokat feszeget\u0151 m\u00e1rk\u00e1n dolgoznak.<\/span><\/p>\n<p><span style=\"font-weight: 400;\">\u00a0<\/span><\/p>\n<p><b>A felel\u0151ss\u00e9g\u00fcnk<\/b><\/p>\n<p><span style=\"font-weight: 400;\">Teljes m\u00e9rt\u00e9kben komolyan vessz\u00fck a felel\u0151ss\u00e9g\u00fcnket, hogy olyan term\u00e9keket kell l\u00e9trehoznunk, amelyet b\u00e1tran tudunk v\u00e1llalni, \u00e9s amely megfelel az el\u0151\u00edrt k\u00f6rnyezetv\u00e9delmi rendeleteknek.<\/span><\/p>\n<p>&nbsp;<\/p>\n<p><b>A te d\u00f6nt\u00e9sed!<\/b><\/p>\n<p><span style=\"font-weight: 400;\">Amit mi fejleszt\u00fcnk \u00e9s k\u00edn\u00e1lunk, az a te d\u00f6nt\u00e9si lehet\u0151s\u00e9ged, \u00e9s nagyon sz\u00e9pen k\u00f6sz\u00f6nj\u00fck neked, hogy nem \u00e9rtesz egyet az \u00e1tlaggal, \u00e9s csak a legjobbat szeretn\u00e9d magadnak! Mivel a VERTIGO\u00ae leggingsek nem k\u00f6z\u00f6ns\u00e9ges leggingsek, \u00e9s a term\u00e9keink sokkal t\u00f6bbet k\u00e9pviselnek egyszer\u0171 leggingsekn\u00e9l, a v\u00e9geredm\u00e9ny az, hogy egy sz\u00e9p, k\u00e9nyelmes \u00e9s forradalmian \u00faj leggingset kapsz \u2013 vagyis a LEGJOBBAT!<\/span><\/p>\n<p>&nbsp;<\/p>\n<p style=\"text-align: left;\"><strong>A VERTIGO\u00ae <\/strong>egy nemzetk\u00f6zi divatm\u00e1rka, amelyet Magyarorsz\u00e1gon a k\u00f6vetkez\u0151 k\u00e9pvisel:<\/p>\n<p style=\"text-align: left;\"><strong>ECTCEU d.o.o.<\/strong><\/p>\n<p style=\"text-align: left;\"><strong>Gmajnica 73b,\u00a0<\/strong><strong>1218 Komenda,\u00a0<\/strong><strong>Slovenia<\/strong><\/p>\n<p><strong>Ad\u00f3sz\u00e1m: 37400233<\/strong><\/p>\n<p><strong>C\u00e9gjegyz\u00e9ksz\u00e1m:\u00a08477493000<\/strong><\/p>\n","protected":false},"excerpt":{"rendered":"<p>A siker kulcsa a mer\u00e9szs\u00e9g! A manaps\u00e1g folytatott hektikus \u00e9letm\u00f3ddal n\u00e9h\u00e1ny \u00edratlan szab\u00e1lyt is a nyakunkba kapunk. Mindenfel\u0151l \u00edt\u00e9lkeznek \u00e9s kritiz\u00e1lnak, \u00edgy nagy fok\u00fa k\u00f6r\u00fcltekint\u00e9ssel kell elj\u00e1rnunk, aminek k\u00f6vetkezt\u00e9ben nagyon neh\u00e9z valami \u00fajat alkotni. Mi m\u00e9gis megk\u00eds\u00e9relt\u00fck, \u00e9s tudod mit? Sikerrel j\u00e1rtunk! Az\u00e9rt siker\u00fclt nek\u00fcnk, mert el\u00e9g b\u00e1trak voltunk, \u00e9s hitt\u00fcnk az elk\u00e9pzel\u00e9s\u00fcnkben. Napjainkban a &hellip; <a href=\"https:\/\/vertigo-shop.com\/hu\/rolunk\/\">Continued<\/a><\/p>\n","protected":false},"author":1,"featured_media":0,"parent":0,"menu_order":0,"comment_status":"closed","ping_status":"closed","template":"template-content.blade.php","meta":{"inline_featured_image":false},"acf":[],"_links":{"self":[{"href":"https:\/\/vertigo-shop.com\/hu\/wp-json\/wp\/v2\/pages\/14"}],"collection":[{"href":"https:\/\/vertigo-shop.com\/hu\/wp-json\/wp\/v2\/pages"}],"about":[{"href":"https:\/\/vertigo-shop.com\/hu\/wp-json\/wp\/v2\/types\/page"}],"author":[{"embeddable":true,"href":"https:\/\/vertigo-shop.com\/hu\/wp-json\/wp\/v2\/users\/1"}],"replies":[{"embeddable":true,"href":"https:\/\/vertigo-shop.com\/hu\/wp-json\/wp\/v2\/comments?post=14"}],"version-history":[{"count":15,"href":"https:\/\/vertigo-shop.com\/hu\/wp-json\/wp\/v2\/pages\/14\/revisions"}],"predecessor-version":[{"id":1047,"href":"https:\/\/vertigo-shop.com\/hu\/wp-json\/wp\/v2\/pages\/14\/revisions\/1047"}],"wp:attachment":[{"href":"https:\/\/vertigo-shop.com\/hu\/wp-json\/wp\/v2\/media?parent=14"}],"curies":[{"name":"wp","href":"https:\/\/api.w.org\/{rel}","templated":true}]}}